{"id":414,"date":"2025-07-02T15:27:06","date_gmt":"2025-07-02T18:27:06","guid":{"rendered":"https:\/\/www.arqatualiza.com.br\/site\/?page_id=414"},"modified":"2025-08-06T22:33:12","modified_gmt":"2025-08-07T01:33:12","slug":"e-books","status":"publish","type":"page","link":"https:\/\/www.arqatualiza.com.br\/site\/e-books\/","title":{"rendered":"E-Books"},"content":{"rendered":"<p><strong><img decoding=\"async\" class=\" wp-image-421 alignleft\" src=\"https:\/\/www.arqatualiza.com.br\/site\/wp-content\/uploads\/2025\/07\/a1.jpg\" alt=\"\" width=\"444\" height=\"608\"  loading=\"lazy\" srcset=\"https:\/\/www.arqatualiza.com.br\/site\/wp-content\/uploads\/2025\/07\/a1.jpg 800w, https:\/\/www.arqatualiza.com.br\/site\/wp-content\/uploads\/2025\/07\/a1-219x300.jpg 219w, https:\/\/www.arqatualiza.com.br\/site\/wp-content\/uploads\/2025\/07\/a1-748x1024.jpg 748w, https:\/\/www.arqatualiza.com.br\/site\/wp-content\/uploads\/2025\/07\/a1-768x1051.jpg 768w\" sizes=\"(max-width: 444px) 100vw, 444px\" \/><\/strong><\/p>\n<p>&nbsp;<\/p>\n<p>&nbsp;<\/p>\n<p>&nbsp;<\/p>\n<p><strong>DESBRAVANDO O PATRIM\u00d4NIO GA\u00daCHO: <\/strong><br \/>\n<strong>UM GUIA PELOS CENTROS HIST\u00d3RICOS DO RS<\/strong><\/p>\n<p>NOSSAS MENTORAS ANA PAULA WICKERT ELILIANY SCHRAMM DA SILVA GATTERMANN<br \/>\nTROUXERAM UM PRESENTE ESPECIAL PARA VOC\u00ca QUE FAZ PARTE DA COMUNIDADE<br \/>\nARQATUALIZA!<\/p>\n<p>&nbsp;<\/p>\n<p>ADQUIRA NOSSO E-BOOK E DESBRAVE O PATRIM\u00d4NIO DO RIO GRANDE DO SUL.<\/p>\n<h1><a href=\"https:\/\/hotmart.com\/pt-br\/marketplace\/produtos\/desbravando-o-patrimonio-gaucho-um-guia-pelos-centros-historicos-do-rs\/G96201360Q\" target=\"_blank\" rel=\"noopener\"><strong>COMPRE AQUI!<\/strong><\/a><\/h1>\n","protected":false},"excerpt":{"rendered":"<p>&nbsp; &nbsp; &nbsp; DESBRAVANDO O PATRIM\u00d4NIO GA\u00daCHO: UM GUIA PELOS CENTROS HIST\u00d3RICOS DO RS NOSSAS [&hellip;]<\/p>\n","protected":false},"author":1,"featured_media":0,"parent":0,"menu_order":4,"comment_status":"closed","ping_status":"closed","template":"","meta":{"footnotes":""},"class_list":["post-414","page","type-page","status-publish","hentry"],"_links":{"self":[{"href":"https:\/\/www.arqatualiza.com.br\/site\/wp-json\/wp\/v2\/pages\/414"}],"collection":[{"href":"https:\/\/www.arqatualiza.com.br\/site\/wp-json\/wp\/v2\/pages"}],"about":[{"href":"https:\/\/www.arqatualiza.com.br\/site\/wp-json\/wp\/v2\/types\/page"}],"author":[{"embeddable":true,"href":"https:\/\/www.arqatualiza.com.br\/site\/wp-json\/wp\/v2\/users\/1"}],"replies":[{"embeddable":true,"href":"https:\/\/www.arqatualiza.com.br\/site\/wp-json\/wp\/v2\/comments?post=414"}],"version-history":[{"count":10,"href":"https:\/\/www.arqatualiza.com.br\/site\/wp-json\/wp\/v2\/pages\/414\/revisions"}],"predecessor-version":[{"id":509,"href":"https:\/\/www.arqatualiza.com.br\/site\/wp-json\/wp\/v2\/pages\/414\/revisions\/509"}],"wp:attachment":[{"href":"https:\/\/www.arqatualiza.com.br\/site\/wp-json\/wp\/v2\/media?parent=414"}],"curies":[{"name":"wp","href":"https:\/\/api.w.org\/{rel}","templated":true}]}}